{"id":932,"date":"2020-04-28T14:18:05","date_gmt":"2020-04-28T14:18:05","guid":{"rendered":"https:\/\/mellifera.qodeinteractive.com\/?page_id=932"},"modified":"2020-04-28T14:18:05","modified_gmt":"2020-04-28T14:18:05","slug":"blog-no-sidebar","status":"publish","type":"page","link":"https:\/\/aavph.ro\/index.php\/blog-no-sidebar\/","title":{"rendered":"Blog No Sidebar"},"content":{"rendered":"\t\t<div data-elementor-type=\"wp-page\" data-elementor-id=\"932\" class=\"elementor elementor-932\">\n\t\t\t\t\t\t<section class=\"elementor-section elementor-top-section elementor-element elementor-element-27cb850 elementor-section-full_width qodef-elementor-content-grid qodef-full-width-680 elementor-section-height-default elementor-section-height-default qodef-bees-holder-no qodef-section-backgrounds-animation-no\" data-id=\"27cb850\" data-element_type=\"section\" data-e-type=\"section\">\n\t\t\t\t\t\t<div class=\"elementor-container elementor-column-gap-default\">\n\t\t\t\t\t<div class=\"elementor-column elementor-col-100 elementor-top-column elementor-element elementor-element-85e625c\" data-id=\"85e625c\" data-element_type=\"column\" data-e-type=\"column\">\n\t\t\t<div class=\"elementor-widget-wrap elementor-element-populated\">\n\t\t\t\t\t\t<div class=\"elementor-element elementor-element-8e47b59 elementor-widget elementor-widget-wp-widget-mellifera_core_blog_list\" data-id=\"8e47b59\" data-element_type=\"widget\" data-e-type=\"widget\" data-widget_type=\"wp-widget-mellifera_core_blog_list.default\">\n\t\t\t\t<div class=\"elementor-widget-container\">\n\t\t\t\t\t<div class=\"qodef-shortcode qodef-m  qodef-blog qodef--list qodef-item-layout--standard  qodef-grid qodef-layout--columns  qodef-gutter--giant qodef-col-num--1 qodef-item-layout--standard qodef-pagination--on qodef-pagination-type--standard qodef-responsive--predefined\" data-options=\"{&quot;plugin&quot;:&quot;mellifera_core&quot;,&quot;module&quot;:&quot;blog\\\/shortcodes&quot;,&quot;shortcode&quot;:&quot;blog-list&quot;,&quot;post_type&quot;:&quot;post&quot;,&quot;next_page&quot;:&quot;2&quot;,&quot;max_pages_num&quot;:1,&quot;behavior&quot;:&quot;columns&quot;,&quot;images_proportion&quot;:&quot;full&quot;,&quot;columns&quot;:&quot;1&quot;,&quot;columns_responsive&quot;:&quot;predefined&quot;,&quot;columns_1440&quot;:&quot;3&quot;,&quot;columns_1366&quot;:&quot;3&quot;,&quot;columns_1024&quot;:&quot;3&quot;,&quot;columns_768&quot;:&quot;3&quot;,&quot;columns_680&quot;:&quot;3&quot;,&quot;columns_480&quot;:&quot;3&quot;,&quot;space&quot;:&quot;giant&quot;,&quot;posts_per_page&quot;:&quot;4&quot;,&quot;orderby&quot;:&quot;date&quot;,&quot;order&quot;:&quot;ASC&quot;,&quot;tax&quot;:&quot;category&quot;,&quot;layout&quot;:&quot;standard&quot;,&quot;title_tag&quot;:&quot;h2&quot;,&quot;excerpt_length&quot;:&quot;400&quot;,&quot;pagination_type&quot;:&quot;standard&quot;,&quot;object_class_name&quot;:&quot;MelliferaCoreBlogListShortcode&quot;,&quot;taxonomy_filter&quot;:&quot;category&quot;}\">\n\t\t<div class=\"qodef-grid-inner clear\">\n\t\t<article class=\"qodef-e qodef-blog-item qodef-grid-item qodef-item--full post-2836 post type-post status-publish format-standard hentry category-targuri\">\n\t<div class=\"qodef-e-inner\">\n\t\t<div class=\"qodef-e-media\">\n\t<\/div>\t\t<div class=\"qodef-e-content\">\n\t\t\t<div class=\"qodef-e-info qodef-info--top\">\n\t\t\t\t<div itemprop=\"dateCreated\" class=\"qodef-e-info-item qodef-e-info-date entry-date \">\n\t<a itemprop=\"url\" href=\"https:\/\/aavph.ro\/index.php\/2023\/11\/\">noiembrie 27, 2023<\/a>\n\t<meta itemprop=\"interactionCount\" content=\"UserComments: 0\"\/>\n<\/div><div class=\"qodef-e-info-item qodef-e-info-author\">\n\t<span class=\"qodef-e-info-author-label\">by<\/span>\n\t<a itemprop=\"author\" class=\"qodef-e-info-author-link\" href=\"https:\/\/aavph.ro\/index.php\/author\/theo\/\">\n\t\tadmin\t<\/a>\n<\/div><div class=\"qodef-e-info-item qodef-e-info-category\">\n\tin\t<a href=\"https:\/\/aavph.ro\/index.php\/category\/targuri\/\" rel=\"category tag\">Targuri<\/a><\/div>\t<div class=\"qodef-e-info-item qodef-blog-like\">\n\t\t<a href=\"#\" class=\"qodef-like\" id=\"qodef-like-2836-844\" title=\"Like this\" data-post-id=\"2836\"><span class=\"qodef-icon-fontkiko kikos kiko-heart-symbol qodef-icon qodef-e\"><\/span><span> 1 Like<\/span><input type=\"hidden\" id=\"qodef_like_nonce_2836\" name=\"qodef_like_nonce_2836\" value=\"2afebed9d2\" \/><input type=\"hidden\" name=\"_wp_http_referer\" value=\"\/index.php\/wp-json\/wp\/v2\/pages\/932\" \/><\/a>\t<\/div>\n\t\t\t<\/div>\n\t\t\t<div class=\"qodef-e-text\">\n\t\t\t\t<h2 itemprop=\"name\" class=\"qodef-e-title entry-title\">\n\t\t\t<a itemprop=\"url\" class=\"qodef-e-title-link\" href=\"https:\/\/aavph.ro\/index.php\/2023\/11\/27\/targul-mierii-campina\/\">\n\t\t\tTargul Mierii Campina\t\t\t<\/a>\n\t<\/h2>\t\t<p itemprop=\"description\" class=\"qodef-e-excerpt\">\n\t\t\t\u00a0T\u00c2RGUL MIERII CAMPINA \u2013 EDI\u0162IA XVll, organizat de Asocia\u0163ia Apicola Valea Prahovei din Rom\u00e2nia, se va deschide\u00a0 vineri, 20 februarie 2026, la Casa Tineretului din ora\u0219ul C\u00e2mpina. Evenimentul mult a\u0219teptat se va desfasura in perioada\u00a0 20 &#8211; 22 februarie 2026 reprezent\u00e2nd deja un eveniment cunoscut fiind dedicat \u00een principal consumatorilor de produse apicole, dar si [&hellip;]\t\t<\/p>\n\t\t<div class=\"qodef-e-read-more\">\n\t\t<a class=\"qodef-shortcode qodef-m  qodef-button qodef-layout--filled qodef-size--small qodef-html--link\" href=\"https:\/\/aavph.ro\/index.php\/2023\/11\/27\/targul-mierii-campina\/\" target=\"_self\" data-hover-background-color=\"#d19e4b\" style=\"background-color: #d3a863\">\t<span class=\"qodef-m-text\">Read More<\/span><\/a>\t<\/div>\n\t\t\t<\/div>\n\t\t\t<div class=\"qodef-e-info qodef-info--bottom\">\n\t\t\t\t<div class=\"qodef-e-info-left\">\n\t\t\t\t\t\t<div class=\"qodef-e-read-more\">\n\t\t<a class=\"qodef-shortcode qodef-m  qodef-button qodef-layout--filled qodef-size--small qodef-html--link\" href=\"https:\/\/aavph.ro\/index.php\/2023\/11\/27\/targul-mierii-campina\/\" target=\"_self\" data-hover-background-color=\"#d19e4b\" style=\"background-color: #d3a863\">\t<span class=\"qodef-m-text\">Read More<\/span><\/a>\t<\/div>\n\t\t\t\t<\/div>\n\t\t\t\t<div class=\"qodef-e-info-right\">\n\t\t\t\t\t\t\t\t\t<\/div>\n\t\t\t<\/div>\n\t\t<\/div>\n\t<\/div>\n<\/article>\n\t<\/div>\n\t<\/div>\t\t\t\t<\/div>\n\t\t\t\t<\/div>\n\t\t\t\t\t<\/div>\n\t\t<\/div>\n\t\t\t\t\t<\/div>\n\t\t<\/section>\n\t\t\t\t<\/div>\n\t\t","protected":false},"excerpt":{"rendered":"","protected":false},"author":1,"featured_media":0,"parent":0,"menu_order":0,"comment_status":"closed","ping_status":"closed","template":"","meta":{"footnotes":""},"class_list":["post-932","page","type-page","status-publish","hentry"],"_links":{"self":[{"href":"https:\/\/aavph.ro\/index.php\/wp-json\/wp\/v2\/pages\/932","targetHints":{"allow":["GET"]}}],"collection":[{"href":"https:\/\/aavph.ro\/index.php\/wp-json\/wp\/v2\/pages"}],"about":[{"href":"https:\/\/aavph.ro\/index.php\/wp-json\/wp\/v2\/types\/page"}],"author":[{"embeddable":true,"href":"https:\/\/aavph.ro\/index.php\/wp-json\/wp\/v2\/users\/1"}],"replies":[{"embeddable":true,"href":"https:\/\/aavph.ro\/index.php\/wp-json\/wp\/v2\/comments?post=932"}],"version-history":[{"count":0,"href":"https:\/\/aavph.ro\/index.php\/wp-json\/wp\/v2\/pages\/932\/revisions"}],"wp:attachment":[{"href":"https:\/\/aavph.ro\/index.php\/wp-json\/wp\/v2\/media?parent=932"}],"curies":[{"name":"wp","href":"https:\/\/api.w.org\/{rel}","templated":true}]}}