{"id":179,"date":"2022-12-02T15:54:00","date_gmt":"2022-12-02T15:54:00","guid":{"rendered":"https:\/\/mellifera.qodeinteractive.com\/?page_id=179"},"modified":"2022-12-08T08:13:07","modified_gmt":"2022-12-08T08:13:07","slug":"beekeeping-home","status":"publish","type":"page","link":"https:\/\/aavph.ro\/","title":{"rendered":"Home"},"content":{"rendered":"\t\t<div data-elementor-type=\"wp-page\" data-elementor-id=\"179\" class=\"elementor elementor-179\">\n\t\t\t\t\t\t<section class=\"elementor-section elementor-top-section elementor-element elementor-element-ac1d61a elementor-section-full_width elementor-section-height-default elementor-section-height-default qodef-elementor-content-no qodef-bees-holder-no qodef-section-backgrounds-animation-no\" data-id=\"ac1d61a\" data-element_type=\"section\" data-e-type=\"section\" data-settings=\"{&quot;background_background&quot;:&quot;classic&quot;}\">\n\t\t\t\t\t\t<div class=\"elementor-container elementor-column-gap-no\">\n\t\t\t\t\t<div class=\"elementor-column elementor-col-100 elementor-top-column elementor-element elementor-element-4e833f8\" data-id=\"4e833f8\" data-element_type=\"column\" data-e-type=\"column\">\n\t\t\t<div class=\"elementor-widget-wrap\">\n\t\t\t\t\t\t\t<\/div>\n\t\t<\/div>\n\t\t\t\t\t<\/div>\n\t\t<\/section>\n\t\t\t\t<section class=\"elementor-section elementor-top-section elementor-element elementor-element-55ea6ce qodef-elementor-content-grid elementor-section-boxed elementor-section-height-default elementor-section-height-default qodef-bees-holder-no qodef-section-backgrounds-animation-no\" data-id=\"55ea6ce\" data-element_type=\"section\" data-e-type=\"section\">\n\t\t\t\t\t\t<div class=\"elementor-container elementor-column-gap-default\">\n\t\t\t\t\t<div class=\"elementor-column elementor-col-50 elementor-top-column elementor-element elementor-element-a45d01d\" data-id=\"a45d01d\" data-element_type=\"column\" data-e-type=\"column\">\n\t\t\t<div class=\"elementor-widget-wrap elementor-element-populated\">\n\t\t\t\t\t\t<div class=\"elementor-element elementor-element-1610ccb elementor-widget elementor-widget-text-editor\" data-id=\"1610ccb\" data-element_type=\"widget\" data-e-type=\"widget\" data-widget_type=\"text-editor.default\">\n\t\t\t\t<div class=\"elementor-widget-container\">\n\t\t\t\t\t\t\t\t\t<p>cine sunt <span style=\"color: #d3a863;\"><strong>albinele<\/strong><\/span><\/p>\t\t\t\t\t\t\t\t<\/div>\n\t\t\t\t<\/div>\n\t\t\t\t<div class=\"elementor-element elementor-element-c9c65de elementor-widget elementor-widget-mellifera_core_custom_font\" data-id=\"c9c65de\" data-element_type=\"widget\" data-e-type=\"widget\" data-widget_type=\"mellifera_core_custom_font.default\">\n\t\t\t\t<div class=\"elementor-widget-container\">\n\t\t\t\t\t<h4 class=\"qodef-shortcode qodef-m  qodef-custom-font qodef-custom-font-1 qodef-layout--simple\" >cat de importante sunt<\/h4>\t\t\t\t<\/div>\n\t\t\t\t<\/div>\n\t\t\t\t<div class=\"elementor-element elementor-element-bfa50c8 elementor-widget elementor-widget-text-editor\" data-id=\"bfa50c8\" data-element_type=\"widget\" data-e-type=\"widget\" data-widget_type=\"text-editor.default\">\n\t\t\t\t<div class=\"elementor-widget-container\">\n\t\t\t\t\t\t\t\t\t<p><span style=\"font-size: large;\"><strong>Albinele\u00a0<\/strong>sunt\u00a0insecte\u00a0zbur\u0103toare, clasificate \u00een cadrul superfamiliei \u00a0Apoidea\u00a0din cadrul subordinului\u00a0Apocrita, care mai con\u021bine\u00a0viespile\u00a0\u0219i\u00a0furnicile, care se hr\u0103nesc cu\u00a0nectarul\u00a0florilor(ca surs\u0103 de energie gra\u021bie con\u021binutului de\u00a0zaharuri), \u0219i cu\u00a0polen\u00a0(ca surs\u0103 de proteine, folosit mai mult la hr\u0103nirea larvelor), activitate ce se soldeaz\u0103 cu polenizarea florilor, \u0219i, \u00een unele cazuri, cu producerea\u00a0mierii.<br \/>Astfel\u00a0polenul\u00a0pe care \u00een mod inevitabil \u00eel pierd \u00een deplasarea lor de la o floare la alta este important pentru plante deoarece o parte din polen cade pe\u00a0pistilul\u00a0(structura reproductiv\u0103) altor flori din aceea\u0219i specie, duc\u00e2nd la polenizarea \u00eencruci\u0219at\u0103.\u00a0<\/span><br \/><span style=\"font-size: large;\">Albinele sunt, de fapt, cele mai importante insecte polenizatoare \u0219i interdependen\u021ba \u00eentre ele \u0219i plante fac din acestea un excelent exemplu al unui tip de simbioz\u0103 cunoscut\u0103 sub numele de \u201emutualism\u201d, o asociere \u00eentre organisme diferite care este avantajoas\u0103 pentru ambele p\u0103r\u021bi.<br \/>Pe de alt\u0103 parte unele specii de albine produc miere din nectar. Albinele de miere \u0219i albinele f\u0103r\u0103 ac adun\u0103 mari cantit\u0103\u021bi de miere, caracteristic\u0103 ce este exploatat\u0103 de\u00a0apicultori, care recolteaz\u0103 mierea pentru consumul uman.<\/span><\/p>\t\t\t\t\t\t\t\t<\/div>\n\t\t\t\t<\/div>\n\t\t\t\t\t<\/div>\n\t\t<\/div>\n\t\t\t\t<div class=\"elementor-column elementor-col-50 elementor-top-column elementor-element elementor-element-55b2b14\" data-id=\"55b2b14\" data-element_type=\"column\" data-e-type=\"column\">\n\t\t\t<div class=\"elementor-widget-wrap elementor-element-populated\">\n\t\t\t\t\t\t<div class=\"elementor-element elementor-element-8e375a4 elementor-widget elementor-widget-wp-widget-text\" data-id=\"8e375a4\" data-element_type=\"widget\" data-e-type=\"widget\" data-widget_type=\"wp-widget-text.default\">\n\t\t\t\t<div class=\"elementor-widget-container\">\n\t\t\t\t\t\t\t\t<div class=\"textwidget\"><p style=\"margin-bottom: 30px\">Num\u0103rul speciilor cunoscute este de aproximativ 20.000 dar, probabil,sunt foarte multe care a\u0219teapt\u0103 \u00eenc\u0103 s\u0103 fie descoperite.<br \/>\nMulte specii de albine sunt pu\u021bin cunoscute. Cea mai mic\u0103 albin\u0103 este cea pitic\u0103 (<em>Trigona minima<\/em>) cu lungimea de circa 2.1\u00a0mm (5\/64&#8243;). Cea mai mare albin\u0103 din lume este\u00a0<em>Megachile pluto<\/em>, care poate atinge lungimea de 39\u00a0mm (1.5&#8243;). Tipurile cel mai comune de albine din emisfera nordic\u0103 sunt speciile de Halictidae, sau albinele atrase de transpira\u021bie, ni\u0219te albine mici care adesea sunt considerate \u00een mod gre\u0219it viespi sau mu\u0219te. Cea mai cunoscut\u0103 specie de albine este\u00a0albina european\u0103\u00a0(Apis mellifera).<\/p>\n<\/div>\n\t\t\t\t\t\t<\/div>\n\t\t\t\t<\/div>\n\t\t\t\t<section class=\"elementor-section elementor-inner-section elementor-element elementor-element-2afc29b elementor-section-full_width elementor-section-height-default elementor-section-height-default qodef-elementor-content-no qodef-bees-holder-no qodef-section-backgrounds-animation-no\" data-id=\"2afc29b\" data-element_type=\"section\" data-e-type=\"section\">\n\t\t\t\t\t\t<div class=\"elementor-container elementor-column-gap-default\">\n\t\t\t\t\t<div class=\"elementor-column elementor-col-50 elementor-inner-column elementor-element elementor-element-d6ec992\" data-id=\"d6ec992\" data-element_type=\"column\" data-e-type=\"column\">\n\t\t\t<div class=\"elementor-widget-wrap elementor-element-populated\">\n\t\t\t\t\t\t<div class=\"elementor-element elementor-element-1e617b0 elementor-widget elementor-widget-image\" data-id=\"1e617b0\" data-element_type=\"widget\" data-e-type=\"widget\" data-widget_type=\"image.default\">\n\t\t\t\t<div class=\"elementor-widget-container\">\n\t\t\t\t\t\t\t\t\t\t\t\t<figure class=\"wp-caption\">\n\t\t\t\t\t\t\t\t\t\t<img fetchpriority=\"high\" decoding=\"async\" width=\"600\" height=\"827\" src=\"https:\/\/aavph.ro\/wp-content\/uploads\/2020\/04\/h2-img-1.jpg\" class=\"attachment-large size-large wp-image-244\" alt=\"sdf\" srcset=\"https:\/\/aavph.ro\/wp-content\/uploads\/2020\/04\/h2-img-1.jpg 600w, https:\/\/aavph.ro\/wp-content\/uploads\/2020\/04\/h2-img-1-218x300.jpg 218w\" sizes=\"(max-width: 600px) 100vw, 600px\" \/>\t\t\t\t\t\t\t\t\t\t\t<figcaption class=\"widget-image-caption wp-caption-text\"><\/figcaption>\n\t\t\t\t\t\t\t\t\t\t<\/figure>\n\t\t\t\t\t\t\t\t\t<\/div>\n\t\t\t\t<\/div>\n\t\t\t\t\t<\/div>\n\t\t<\/div>\n\t\t\t\t<div class=\"elementor-column elementor-col-50 elementor-inner-column elementor-element elementor-element-d36d085\" data-id=\"d36d085\" data-element_type=\"column\" data-e-type=\"column\">\n\t\t\t<div class=\"elementor-widget-wrap elementor-element-populated\">\n\t\t\t\t\t\t<div class=\"elementor-element elementor-element-c409cad elementor-widget elementor-widget-image\" data-id=\"c409cad\" data-element_type=\"widget\" data-e-type=\"widget\" data-widget_type=\"image.default\">\n\t\t\t\t<div class=\"elementor-widget-container\">\n\t\t\t\t\t\t\t\t\t\t\t\t<figure class=\"wp-caption\">\n\t\t\t\t\t\t\t\t\t\t<img decoding=\"async\" width=\"600\" height=\"827\" src=\"https:\/\/aavph.ro\/wp-content\/uploads\/2020\/04\/h2-img-2.jpg\" class=\"attachment-large size-large wp-image-245\" alt=\"sdf\" srcset=\"https:\/\/aavph.ro\/wp-content\/uploads\/2020\/04\/h2-img-2.jpg 600w, https:\/\/aavph.ro\/wp-content\/uploads\/2020\/04\/h2-img-2-218x300.jpg 218w\" sizes=\"(max-width: 600px) 100vw, 600px\" \/>\t\t\t\t\t\t\t\t\t\t\t<figcaption class=\"widget-image-caption wp-caption-text\"><\/figcaption>\n\t\t\t\t\t\t\t\t\t\t<\/figure>\n\t\t\t\t\t\t\t\t\t<\/div>\n\t\t\t\t<\/div>\n\t\t\t\t\t<\/div>\n\t\t<\/div>\n\t\t\t\t\t<\/div>\n\t\t<\/section>\n\t\t\t\t<div class=\"elementor-element elementor-element-da90aa4 elementor-widget elementor-widget-wp-widget-text\" data-id=\"da90aa4\" data-element_type=\"widget\" data-e-type=\"widget\" data-widget_type=\"wp-widget-text.default\">\n\t\t\t\t<div class=\"elementor-widget-container\">\n\t\t\t\t\t\t\t\t<div class=\"textwidget\"><\/div>\n\t\t\t\t\t\t<\/div>\n\t\t\t\t<\/div>\n\t\t\t\t\t<\/div>\n\t\t<\/div>\n\t\t\t\t\t<\/div>\n\t\t<\/section>\n\t\t\t\t<section class=\"elementor-section elementor-top-section elementor-element elementor-element-b659e5b elementor-section-full_width elementor-section-height-default elementor-section-height-default qodef-elementor-content-no qodef-bees-holder-no qodef-section-backgrounds-animation-no\" data-id=\"b659e5b\" data-element_type=\"section\" data-e-type=\"section\">\n\t\t\t\t\t\t<div class=\"elementor-container elementor-column-gap-default\">\n\t\t\t\t\t<div class=\"elementor-column elementor-col-100 elementor-top-column elementor-element elementor-element-bb341b6\" data-id=\"bb341b6\" data-element_type=\"column\" data-e-type=\"column\">\n\t\t\t<div class=\"elementor-widget-wrap\">\n\t\t\t\t\t\t\t<\/div>\n\t\t<\/div>\n\t\t\t\t\t<\/div>\n\t\t<\/section>\n\t\t\t\t<section class=\"elementor-section elementor-top-section elementor-element elementor-element-a2a0ce6 qodef-elementor-content-grid elementor-section-boxed elementor-section-height-default elementor-section-height-default qodef-bees-holder-no qodef-section-backgrounds-animation-no\" data-id=\"a2a0ce6\" data-element_type=\"section\" data-e-type=\"section\">\n\t\t\t\t\t\t<div class=\"elementor-container elementor-column-gap-default\">\n\t\t\t\t\t<div class=\"elementor-column elementor-col-50 elementor-top-column elementor-element elementor-element-69bba4a\" data-id=\"69bba4a\" data-element_type=\"column\" data-e-type=\"column\">\n\t\t\t<div class=\"elementor-widget-wrap elementor-element-populated\">\n\t\t\t\t\t\t<div class=\"elementor-element elementor-element-891b741 elementor-invisible elementor-widget elementor-widget-image\" data-id=\"891b741\" data-element_type=\"widget\" data-e-type=\"widget\" data-settings=\"{&quot;_animation&quot;:&quot;fadeIn&quot;}\" data-widget_type=\"image.default\">\n\t\t\t\t<div class=\"elementor-widget-container\">\n\t\t\t\t\t\t\t\t\t\t\t\t\t\t\t<img decoding=\"async\" width=\"668\" height=\"540\" src=\"https:\/\/aavph.ro\/wp-content\/uploads\/2020\/04\/h2-img-6.jpg\" class=\"attachment-full size-full wp-image-295\" alt=\"sdf\" srcset=\"https:\/\/aavph.ro\/wp-content\/uploads\/2020\/04\/h2-img-6.jpg 668w, https:\/\/aavph.ro\/wp-content\/uploads\/2020\/04\/h2-img-6-600x485.jpg 600w, https:\/\/aavph.ro\/wp-content\/uploads\/2020\/04\/h2-img-6-300x243.jpg 300w\" sizes=\"(max-width: 668px) 100vw, 668px\" \/>\t\t\t\t\t\t\t\t\t\t\t\t\t\t\t<\/div>\n\t\t\t\t<\/div>\n\t\t\t\t\t<\/div>\n\t\t<\/div>\n\t\t\t\t<div class=\"elementor-column elementor-col-50 elementor-top-column elementor-element elementor-element-9df9f9b\" data-id=\"9df9f9b\" data-element_type=\"column\" data-e-type=\"column\">\n\t\t\t<div class=\"elementor-widget-wrap elementor-element-populated\">\n\t\t\t\t\t\t<div class=\"elementor-element elementor-element-4a6f868 elementor-widget elementor-widget-mellifera_core_section_title\" data-id=\"4a6f868\" data-element_type=\"widget\" data-e-type=\"widget\" data-widget_type=\"mellifera_core_section_title.default\">\n\t\t\t\t<div class=\"elementor-widget-container\">\n\t\t\t\t\t<div class=\"qodef-shortcode qodef-m  qodef-section-title qodef-alignment--left \">\n\t\t<h2 class=\"qodef-m-title\" >\n\t\t\t\t\tInscriere la nout\u0103\u021bi\t\t\t<\/h2>\n\t<\/div>\t\t\t\t<\/div>\n\t\t\t\t<\/div>\n\t\t\t\t<div class=\"elementor-element elementor-element-73f1734 elementor-widget elementor-widget-wp-widget-mellifera_core_contact_form_7\" data-id=\"73f1734\" data-element_type=\"widget\" data-e-type=\"widget\" data-widget_type=\"wp-widget-mellifera_core_contact_form_7.default\">\n\t\t\t\t<div class=\"elementor-widget-container\">\n\t\t\t\t\t\t\t\t<div class=\"qodef-contact-form-7\">\n\t\t\t\t\n<div class=\"wpcf7 no-js\" id=\"wpcf7-f13-o1\" lang=\"en-US\" dir=\"ltr\" data-wpcf7-id=\"13\">\n<div class=\"screen-reader-response\"><p role=\"status\" aria-live=\"polite\" aria-atomic=\"true\"><\/p> <ul><\/ul><\/div>\n<form action=\"\/index.php\/wp-json\/wp\/v2\/pages\/179#wpcf7-f13-o1\" method=\"post\" class=\"wpcf7-form init\" aria-label=\"Contact form\" novalidate=\"novalidate\" data-status=\"init\">\n<fieldset class=\"hidden-fields-container\"><input type=\"hidden\" name=\"_wpcf7\" value=\"13\" \/><input type=\"hidden\" name=\"_wpcf7_version\" value=\"6.1.5\" \/><input type=\"hidden\" name=\"_wpcf7_locale\" value=\"en_US\" \/><input type=\"hidden\" name=\"_wpcf7_unit_tag\" value=\"wpcf7-f13-o1\" \/><input type=\"hidden\" name=\"_wpcf7_container_post\" value=\"0\" \/><input type=\"hidden\" name=\"_wpcf7_posted_data_hash\" value=\"\" \/><input type=\"hidden\" name=\"_wpcf7_recaptcha_response\" value=\"\" \/>\n<\/fieldset>\n<div class=\"qode-comming-soon-cf7 clear\"><div class=\"qodef-input-holder qodef-col--6 qodef-newsletter\"><span class=\"wpcf7-form-control-wrap\" data-name=\"your-email\"><input size=\"40\" maxlength=\"400\" class=\"wpcf7-form-control wpcf7-email wpcf7-validates-as-required wpcf7-text wpcf7-validates-as-email\" aria-required=\"true\" aria-invalid=\"false\" placeholder=\"Email Address\" value=\"\" type=\"email\" name=\"your-email\" \/><\/span><\/div><div class=\"qodef-input-holder qodef-col--6 qodef-newsletter\"><button class=\"wpcf7-form-control wpcf7-submit qodef-button qodef-size--normal qodef-type--filled qodef-m\" type=\"submit\"><span class=\"qodef-m-text\">Ma inscriu<\/span><\/button><\/div><\/div><div class=\"wpcf7-response-output\" aria-hidden=\"true\"><\/div>\n<\/form>\n<\/div>\n\t\t\t<\/div>\n\t\t\t\t\t\t\t<\/div>\n\t\t\t\t<\/div>\n\t\t\t\t\t<\/div>\n\t\t<\/div>\n\t\t\t\t\t<\/div>\n\t\t<\/section>\n\t\t\t\t<section class=\"elementor-section elementor-top-section elementor-element elementor-element-fb86b70 elementor-section-full_width elementor-section-height-default elementor-section-height-default qodef-elementor-content-no qodef-bees-holder-no qodef-section-backgrounds-animation-no\" data-id=\"fb86b70\" data-element_type=\"section\" data-e-type=\"section\">\n\t\t\t\t\t\t<div class=\"elementor-container elementor-column-gap-default\">\n\t\t\t\t\t<div class=\"elementor-column elementor-col-100 elementor-top-column elementor-element elementor-element-212e2de\" data-id=\"212e2de\" data-element_type=\"column\" data-e-type=\"column\">\n\t\t\t<div class=\"elementor-widget-wrap\">\n\t\t\t\t\t\t\t<\/div>\n\t\t<\/div>\n\t\t\t\t\t<\/div>\n\t\t<\/section>\n\t\t\t\t<\/div>\n\t\t","protected":false},"excerpt":{"rendered":"<p>[rev_slider alias=&#8221;Beekeeping-Home&#8221; slidertitle=&#8221;Beekeeping Home&#8221;][\/rev_slider] cine sunt albinele cat de importante sunt Albinele\u00a0sunt\u00a0insecte\u00a0zbur\u0103toare, clasificate \u00een cadrul superfamiliei \u00a0Apoidea\u00a0din cadrul subordinului\u00a0Apocrita, care mai con\u021bine\u00a0viespile\u00a0\u0219i\u00a0furnicile, care se hr\u0103nesc cu\u00a0nectarul\u00a0florilor(ca surs\u0103 de energie gra\u021bie con\u021binutului de\u00a0zaharuri), \u0219i cu\u00a0polen\u00a0(ca surs\u0103 de proteine, folosit mai mult la hr\u0103nirea larvelor), activitate ce se soldeaz\u0103 cu polenizarea florilor, \u0219i, \u00een unele cazuri, cu [&hellip;]<\/p>\n","protected":false},"author":1,"featured_media":0,"parent":0,"menu_order":0,"comment_status":"closed","ping_status":"closed","template":"","meta":{"footnotes":""},"class_list":["post-179","page","type-page","status-publish","hentry"],"_links":{"self":[{"href":"https:\/\/aavph.ro\/index.php\/wp-json\/wp\/v2\/pages\/179","targetHints":{"allow":["GET"]}}],"collection":[{"href":"https:\/\/aavph.ro\/index.php\/wp-json\/wp\/v2\/pages"}],"about":[{"href":"https:\/\/aavph.ro\/index.php\/wp-json\/wp\/v2\/types\/page"}],"author":[{"embeddable":true,"href":"https:\/\/aavph.ro\/index.php\/wp-json\/wp\/v2\/users\/1"}],"replies":[{"embeddable":true,"href":"https:\/\/aavph.ro\/index.php\/wp-json\/wp\/v2\/comments?post=179"}],"version-history":[{"count":32,"href":"https:\/\/aavph.ro\/index.php\/wp-json\/wp\/v2\/pages\/179\/revisions"}],"predecessor-version":[{"id":2885,"href":"https:\/\/aavph.ro\/index.php\/wp-json\/wp\/v2\/pages\/179\/revisions\/2885"}],"wp:attachment":[{"href":"https:\/\/aavph.ro\/index.php\/wp-json\/wp\/v2\/media?parent=179"}],"curies":[{"name":"wp","href":"https:\/\/api.w.org\/{rel}","templated":true}]}}